{"id":2746,"date":"2023-05-13T17:15:40","date_gmt":"2023-05-13T17:15:40","guid":{"rendered":"https:\/\/new.tehrancmf.com\/?page_id=2746"},"modified":"2023-05-13T18:16:57","modified_gmt":"2023-05-13T18:16:57","slug":"amin-sharifi","status":"publish","type":"page","link":"https:\/\/tehrancmf.com\/fa\/composers\/amin-sharifi\/","title":{"rendered":"\u0645\u062d\u0645\u062f \u0627\u0645\u06cc\u0646 \u0634\u0631\u06cc\u0641\u06cc"},"content":{"rendered":"<div class=\"wpb-content-wrapper\"><p>[vc_row][vc_column][vc_empty_space alter_height=&#8221;huge&#8221; hide_on_mobile=&#8221;&#8221;][\/vc_column][\/vc_row][vc_row][vc_column width=&#8221;1\/2&#8243;][vc_single_image image=&#8221;2705&#8243; img_size=&#8221;full&#8221;][\/vc_column][vc_column width=&#8221;1\/2&#8243;]<div id=\"sc_title_872263020\"\r\n\t\tclass=\"sc_title color_style_default sc_title_default\"><h6 class=\"sc_item_subtitle sc_title_subtitle sc_align_left sc_item_title_style_default\">\u0645\u062d\u0645\u062f\u0627\u0645\u06cc\u0646 \u0634\u0631\u06cc\u0641\u06cc<\/h6><h6 class=\"sc_item_title sc_title_title sc_align_left sc_item_title_style_default sc_item_title_tag\">\u0628\u06cc\u0648\u06af\u0631\u0627\u0641\u06cc<\/h6><\/div><!-- \/.sc_title -->[vc_empty_space alter_height=&#8221;small&#8221; hide_on_mobile=&#8221;&#8221;][vc_column_text]<\/p>\n<p style=\"font-size: 14px;\">\u0627\u0645\u06cc\u0646 \u0634\u0631\u06cc\u0641\u06cc \u0645\u062a\u0639\u0644\u0642 \u0628\u0647 \u0646\u0633\u0644 \u0633\u0648\u0645 \u0622\u0647\u0646\u06af\u0633\u0627\u0632\u0627\u0646 \u0645\u0639\u0627\u0635\u0631 \u0627\u06cc\u0631\u0627\u0646\u06cc\u060c \u0641\u0627\u0631\u0642 \u0627\u0644\u062a\u062d\u0635\u06cc\u0644 \u0622\u0647\u0646\u06af\u0633\u0627\u0632\u06cc \u0648 \u0631\u0647\u0628\u0631\u06cc \u0645\u0648\u0633\u06cc\u0642\u06cc \u0646\u0648 \u0627\u0632 \u062f\u0627\u0646\u0634\u06af\u0627\u0647 \u0627\u06cc\u0646\u062f\u06cc\u0627\u0646\u0627 \u062f\u0631 \u0622\u0645\u0631\u06cc\u06a9\u0627\u0633\u062a. \u0622\u062b\u0627\u0631 \u0627\u0648 \u062a\u0648\u0633\u0637 \u0622\u0646\u0633\u0627\u0645\u0628\u0644 \u0647\u0627\u06cc \u0645\u062e\u062a\u0644\u0641\u06cc \u0627\u0632 \u062c\u0645\u0644\u0647 JACK Quartet \u060cHypercube \u060cSEM \u060cLunaNova \u060cPierrot Tehran \u060cDissonArt \u0648 \u0628\u0627 \u0627\u0631\u06a9\u0633\u062a\u0631 \u0647\u0627\u06cc\u06cc \u0645\u0627\u0646\u0646\u062f \u0641\u06cc\u0644\u0647\u0627\u0631\u0645\u0648\u0646\u06cc\u06a9 \u0627\u06cc\u0646\u062f\u06cc\u0627\u0646\u0627 \u0648 \u0641\u06cc\u0644\u0647\u0627\u0631\u0645\u0648\u0646\u06cc\u06a9 \u0622\u0631\u062a\u0648\u0631\u0648 \u062a\u0648\u0633\u06a9\u0627\u0646\u06cc\u0646\u06cc \u062f\u0631 \u0641\u0633\u062a\u06cc\u0648\u0627\u0644 \u0647\u0627\u06cc eviMus\u060c TCMF\u060c Druskomanija RISUONANZE\u062f\u0631 \u0622\u0645\u0631\u06cc\u06a9\u0627\u060c \u0622\u0644\u0645\u0627\u0646\u060c \u0641\u0631\u0627\u0646\u0633\u0647\u060c \u06cc\u0648\u0646\u0627\u0646\u060c \u0627\u06cc\u062a\u0627\u0644\u06cc\u0627\u060c \u0644\u06cc\u062a\u0648\u0627\u0646\u06cc \u0648 \u0627\u06cc\u0631\u0627\u0646 \u0627\u062c\u0631\u0627 \u0648 \u0636\u0628\u0637 \u0634\u062f\u0647 \u0627\u0646\u062f. \u0645\u0648\u0633\u06cc\u0642\u06cc \u0627\u0648 \u062a\u0648\u0633\u0637 \u06a9\u062a\u0644\u06cc\u0646 \u0633\u0648\u067e\u0648\u06cc \u067e\u06cc\u0627\u0646\u06cc\u0633\u062a \u0648 \u0645\u0646\u062a\u0642\u062f \u0645\u062f\u0631\u0633\u0647 \u0645\u0648\u0633\u06cc\u0642\u06cc \u062c\u0648\u0644\u06cc\u0627\u0631\u062f\u060c \u00ab\u0647\u0646\u0631\u06cc\u060c \u062e\u0644\u0627\u0642\u0627\u0646\u0647 \u0648 \u0641\u0631\u062f \u06af\u0631\u0627\u06cc\u0627\u0646\u0647\u00bb\u060c \u0648 \u062a\u0648\u0633\u0637 \u0645\u0645\u0641\u06cc\u0633 \u062f\u06cc\u0644\u06cc \u0646\u06cc\u0648\u0632 \u00ab\u0645\u062d\u0635\u0648\u0644 \u062e\u0644\u0627\u0642\u06cc\u062a \u0645\u0647\u0627\u0631\u0646\u0634\u062f\u0646\u06cc\u00bb \u062a\u0648\u0635\u06cc\u0641 \u0634\u062f\u0647 \u0627\u0633\u062a. \u062f\u0631 \u062a\u0627\u0628\u0633\u062a\u0627\u0646 2017\u060c \u06a9\u0646\u0633\u0631\u062a\u0648\u06cc \u0633\u0647 \u06af\u0627\u0646\u0647 \u06cc \u00ab\u062a\u0631\u0648\u0645\u0628\u06cc\u0648\u0646\u0648\u0641\u0648\u0646 \u06cc\u0627 \u0633\u0648\u0627\u0631\u0627\u0646 \u062f\u0634\u062a \u0627\u0645\u06cc\u062f\u00bb \u0628\u0631\u0627\u06cc \u0633\u0648\u067e\u0631\u0627\u0646\u0648 \u0633\u0627\u06a9\u0633\u0648\u0641\u0648\u0646\u060c \u062a\u0631\u0648\u0645\u0628\u0648\u0646 \u0648 \u0622\u06a9\u0627\u0631\u062f\u0626\u0648\u0646\u060c \u0627\u062b\u0631 \u0627\u0645\u06cc\u0646 \u0634\u0631\u06cc\u0641\u06cc\u060c \u0628\u0631\u0646\u062f\u0647 \u06cc\u062c\u0627\u06cc\u0632\u0647 \u06cc \u0627\u0648\u0644 \u0645\u0633\u0627\u0628\u0642\u0647 \u0622\u0647\u0646\u06af\u0633\u0627\u0632\u06cc \u062f\u0648\u0622\u06af\u0648\u0633\u062a\u0648 \u060c \u0648 \u062a\u0648\u0633\u0637 \u0627\u0631\u06a9\u0633\u062a\u0631 \u0641\u06cc\u0644\u0647\u0627\u0631\u0645\u0648\u0646\u06cc\u06a9 \u0622\u0631\u062a\u0648\u0631\u0648 \u062a\u0648\u0633\u06a9\u0627\u0646\u06cc\u0646\u06cc \u062f\u0631 \u0645\u06cc\u062f\u0627\u0646 \u0627\u0635\u0644\u06cc \u0634\u0647\u0631 \u0628\u0648\u0644\u0648\u0646\u06cc\u0627\u06cc \u0627\u06cc\u062a\u0627\u0644\u06cc\u0627 \u0627\u062c\u0631\u0627 \u0634\u062f. \u0627\u0645\u06cc\u0646 \u0634\u0631\u06cc\u0641\u06cc \u062f\u0648\u0631\u0647 \u0647\u0627\u06cc \u0622\u0647\u0646\u06af\u0633\u0627\u0632\u06cc \u0645\u062a\u0646\u0648\u0639\u06cc \u0631\u0627 \u06af\u0630\u0631\u0646\u062f\u0627\u0631\u0647 \u0627\u0633\u062a\u060c \u0627\u0632 \u062c\u0645\u0644\u0647 \u0628\u0627 \u06af\u0626\u0648\u0631\u06af \u0641\u0631\u062f\u0631\u06cc\u0634 \u0647\u0627\u0633\u060c \u06a9\u0631\u06cc\u0633\u062a\u0648\u0641 \u067e\u0646\u062f\u0631\u062a\u0633\u06a9\u06cc\u060c \u0633\u0648\u0646-\u062f\u0648\u06cc\u062f \u0633\u0646\u062f\u0633\u062a\u0631\u0648\u0645\u060c \u067e\u062a\u0631 \u0622\u0628\u0644\u06cc\u0646\u06af\u0631\u060c \u062a\u0646\u0633\u06cc \u062f\u06cc\u0648\u06cc\u0633\u060c \u0646\u0627\u062f\u0631 \u0645\u0634\u0627\u06cc\u062e\u06cc\u060c \u062f\u0627\u06cc \u0641\u0648\u062c\u06cc\u06a9\u0648\u0631\u0627\u060c \u0622\u06af\u0633\u062a\u0627 \u0631\u06cc\u062f \u062a\u0627\u0645\u0633\u060c \u06af\u0626\u0648\u0631\u06af \u0646\u0648\u0633\u0628\u0627\u0645\u0631\u060c \u0631\u0627\u0644\u0641 \u0648\u0627\u0644\u06cc\u0646\u060c \u0627\u0644\u06a9\u0633 \u0645\u06cc\u0646\u0686\u06a9\u060c \u06a9\u06cc\u062a \u0633\u0648\u067e\u0631\u060c \u06a9\u0646 \u06cc\u0648\u0626\u0646\u0648\u060c \u062c\u0627\u0646 \u06af\u06cc\u0628\u0633\u0648\u0646\u060c \u0648 \u0646\u06cc\u0646\u0627 \u0633\u06cc \u06cc\u0627\u0646\u06af.<\/p>\n<p>[\/vc_column_text][\/vc_column][\/vc_row][vc_row][vc_column][vc_empty_space alter_height=&#8221;small&#8221; hide_on_mobile=&#8221;&#8221;]<div id=\"sc_title_941298310\"\r\n\t\tclass=\"sc_title color_style_default sc_title_default\"><h6 class=\"sc_item_title sc_title_title sc_align_left sc_item_title_style_default sc_item_title_tag\">\u0641\u0647\u0631\u0633\u062a \u0622\u062b\u0627\u0631<\/h6><\/div><!-- \/.sc_title -->[vc_empty_space alter_height=&#8221;small&#8221; hide_on_mobile=&#8221;&#8221;][vc_tta_tabs][vc_tta_section title=&#8221;\u0622\u062b\u0627\u0631 \u0645\u0648\u0633\u06cc\u0642\u06cc \u0645\u062c\u0644\u0633\u06cc \u0648 \u0633\u0648\u0644\u0648&#8221; tab_id=&#8221;1683999602789-74d36224-61e9&#8243;][vc_column_text]<strong>Mise-en-sc\u00e8ne<\/strong>\u00a0for String Quartet\u00a0 (2018)<br \/>\n<strong>Music for New Choreography<\/strong>\u00a0for String Quartet (2018)<br \/>\n<strong>Koocheh Baghi<\/strong>\u00a0for tenor saxophone, vibraphone, piano, and guitar (2018)<br \/>\n<strong>Minimum Different Enough Details<\/strong>\u00a0for violin duo (2018)<br \/>\n<strong>Permutation<\/strong>\u00a0for solo flute (2018)<br \/>\n<strong>Veni, Vidi, Amaivi<\/strong>\u00a0for String quintet, Brass Sextet, piano and choir (2017)<br \/>\n<strong>Night, Silence, Desert<\/strong>\u00a0for prepared piano and live electronics (2017)<br \/>\n<strong>Time Quake<\/strong>\u00a0for solo piano (2017)<br \/>\n<strong>NeyRiz<\/strong>\u00a0for flute, clarinet, violin, and cello (2016)<br \/>\n<strong>Gloria<\/strong>\u00a0<strong>Patri<\/strong>\u00a0<strong>II<\/strong>\u00a0for Flute Choir (2016)<br \/>\n<strong>Gloria<\/strong>\u00a0<strong>Patri<\/strong>\u00a0for two pianos and flute (2016)<br \/>\n<strong>Unnecessary details<\/strong>\u00a0for flexible ensemble and tape (2016)<br \/>\n<strong>Monologue for the Loneliness of the Composer II<\/strong>\u00a0for solo flute (2016)<br \/>\n<strong>Quintet No.2 \u201cWritten improvisation\u201d\u00a0<\/strong>for violin, cello, flute, clarinet, Piano (2015)<br \/>\n<strong>Why should be like this?<\/strong>\u00a0for flute, Clarinet and violin alto (2015)<br \/>\n<strong>L\u2019apr\u00e8s-midi pluvieux sur juillet<\/strong>\u00a0for piano solo (2015)<br \/>\n<strong>It will be finished quickly<\/strong>\u00a0for piano solo (2015)<br \/>\n<strong>The Painter\u2019s Brutal Gesture<\/strong>\u00a0for piano solo (2015)<br \/>\n<strong>Exhibition<\/strong>\u00a0for piano solo (2015)<br \/>\n<strong>Seven Colors Tiles IV-VIII<\/strong>\u00a0for piano solo (2015)<br \/>\n<strong>A hovering Idea<\/strong>\u00a0for piano solo (2015)<br \/>\n<strong>Si voce m\u2019entende?<\/strong>\u00a0for flexible ensemble (2015)<br \/>\n<strong>Monologue for loneliness Of The Composer I<\/strong>\u00a0for Clarinet Solo (2015)<br \/>\n<strong>Persian Quartet<\/strong>\u00a0for Iranian Traditional Instruments (2015)<br \/>\n<strong>Maximums and Minimums<\/strong>\u00a0for flexible ensemble (2015)<br \/>\n<strong>The Fucked up Situations<\/strong>\u00a0for String Quartet (2015)<br \/>\n<strong>Unnecessary Details<\/strong>\u00a0for String Quartet (2015)<br \/>\n<strong>Sparse Texture<\/strong>\u00a0for String Quartet (2015)<br \/>\n<strong>Persian Tendency<\/strong>\u00a0for solo piano (2015)<br \/>\n<strong>Enigma<\/strong>\u00a0for flute trio (2015)<br \/>\n<strong>Seven Color Tile I-IV<\/strong>\u00a0for flute and guitar (2014)<br \/>\n<strong>Murdered in his labyrinth<\/strong>\u00a0for flute and guitar (2014)<br \/>\n<strong>Prelude<\/strong>\u00a0for flute and guitar (2014)<br \/>\n<strong>The Game<\/strong>\u00a0for flute and guitar (2014)<br \/>\n<strong>Short piano impressions<\/strong>\u00a0for Piano solo (2014)<br \/>\n<strong>Today is the first day of your future<\/strong>\u00a0for violin solo (2014)<br \/>\n<strong>String Quartet No.1<\/strong>\u00a0(2014)<br \/>\n<strong>Eastern Crossroad<\/strong>\u00a0for Solo Flute (2013)<br \/>\n<strong>Quintet No.1 \u201cLamentoso\u201d<\/strong>\u00a0for violin, cello, flute, clarinet, Piano (2013)<br \/>\n<strong>Les couleurs \u00e0 la d\u00e9clivit\u00e9<\/strong>\u00a0for solo piano (2013)[\/vc_column_text][\/vc_tta_section][vc_tta_section title=&#8221;\u0622\u062b\u0627\u0631 \u0627\u0631\u06a9\u0633\u062a\u0631\u0627\u0644&#8221; tab_id=&#8221;1683999672266-a2f2e868-ff23&#8243;][vc_column_text]<strong>Zeno\u2019s Paradox<\/strong>\u00a0for grand orchestra (2018)<br \/>\n<strong>TrombionOphone<\/strong>\u00a0triple concerto for soprano saxophone, trombone and accordion (2017)[\/vc_column_text][\/vc_tta_section][vc_tta_section title=&#8221;\u0622\u062b\u0627\u0631 \u06a9\u0631\u0627\u0644&#8221; tab_id=&#8221;1683999730229-9de36932-90eb&#8221;][vc_column_text]<strong>Sketches for a Capella<\/strong>\u00a0for SATB on a poem by Rumi and Ahmad Shamlou\u00a0 (2013)[\/vc_column_text][\/vc_tta_section][vc_tta_section title=&#8221;\u0622\u062b\u0627\u0631 \u0627\u0644\u06a9\u062a\u0631\u0648\u0646\u06cc\u06a9&#8221; tab_id=&#8221;1683999886478-4e173f3c-14ab&#8221;][vc_column_text]<strong>Plectrum<\/strong>\u00a08 channel fixed media (2017)<br \/>\n<strong>Strumest<\/strong>\u00a04 channel fixed media (2018)[\/vc_column_text][\/vc_tta_section][\/vc_tta_tabs][\/vc_column][\/vc_row]<\/p>\n<\/div>","protected":false},"excerpt":{"rendered":"<p>[vc_row][vc_column][vc_empty_space alter_height=&#8221;huge&#8221; hide_on_mobile=&#8221;&#8221;][\/vc_column][\/vc_row][vc_row][vc_column width=&#8221;1\/2&#8243;][vc_single_image image=&#8221;2705&#8243; img_size=&#8221;full&#8221;][\/vc_column][vc_column width=&#8221;1\/2&#8243;][vc_empty_space alter_height=&#8221;small&#8221; hide_on_mobile=&#8221;&#8221;][vc_column_text] \u0627\u0645\u06cc\u0646 \u0634\u0631\u06cc\u0641\u06cc \u0645\u062a\u0639\u0644\u0642 \u0628\u0647 \u0646\u0633\u0644 \u0633\u0648\u0645 \u0622\u0647\u0646\u06af\u0633\u0627\u0632\u0627\u0646 \u0645\u0639\u0627\u0635\u0631 \u0627\u06cc\u0631\u0627\u0646\u06cc\u060c \u0641\u0627\u0631\u0642 \u0627\u0644\u062a\u062d\u0635\u06cc\u0644 \u0622\u0647\u0646\u06af\u0633\u0627\u0632\u06cc \u0648 \u0631\u0647\u0628\u0631\u06cc \u0645\u0648\u0633\u06cc\u0642\u06cc \u0646\u0648 \u0627\u0632 \u062f\u0627\u0646\u0634\u06af\u0627\u0647 \u0627\u06cc\u0646\u062f\u06cc\u0627\u0646\u0627 \u062f\u0631 \u0622\u0645\u0631\u06cc\u06a9\u0627\u0633\u062a. \u0622\u062b\u0627\u0631 \u0627\u0648 \u062a\u0648\u0633\u0637 \u0622\u0646\u0633\u0627\u0645\u0628\u0644 \u0647\u0627\u06cc \u0645\u062e\u062a\u0644\u0641\u06cc \u0627\u0632 \u062c\u0645\u0644\u0647 JACK Quartet \u060cHypercube \u060cSEM \u060cLunaNova \u060cPierrot Tehran \u060cDissonArt \u0648 \u0628\u0627 \u0627\u0631\u06a9\u0633\u062a\u0631 \u0647\u0627\u06cc\u06cc \u0645\u0627\u0646\u0646\u062f \u0641\u06cc\u0644\u0647\u0627\u0631\u0645\u0648\u0646\u06cc\u06a9 \u0627\u06cc\u0646\u062f\u06cc\u0627\u0646\u0627 \u0648 \u0641\u06cc\u0644\u0647\u0627\u0631\u0645\u0648\u0646\u06cc\u06a9 \u0622\u0631\u062a\u0648\u0631\u0648 \u062a\u0648\u0633\u06a9\u0627\u0646\u06cc\u0646\u06cc&hellip;<\/p>\n","protected":false},"author":1,"featured_media":0,"parent":1450,"menu_order":0,"comment_status":"closed","ping_status":"closed","template":"","meta":{"inline_featured_image":false,"footnotes":""},"class_list":["post-2746","page","type-page","status-publish","hentry"],"yoast_head":"<!-- This site is optimized with the Yoast SEO plugin v24.2 - https:\/\/yoast.com\/wordpress\/plugins\/seo\/ -->\n<title>\u0645\u062d\u0645\u062f \u0627\u0645\u06cc\u0646 \u0634\u0631\u06cc\u0641\u06cc - TCMF \u0641\u0633\u062a\u06cc\u0648\u0627\u0644 \u0645\u0648\u0633\u06cc\u0642\u06cc \u0645\u0639\u0627\u0635\u0631 \u062a\u0647\u0631\u0627\u0646 Tehran contemporary music festival<\/title>\n<meta name=\"robots\" content=\"index, follow, max-snippet:-1, max-image-preview:large, max-video-preview:-1\" \/>\n<link rel=\"canonical\" href=\"https:\/\/tehrancmf.com\/fa\/composers\/amin-sharifi\/\" \/>\n<meta property=\"og:locale\" content=\"fa_IR\" \/>\n<meta property=\"og:type\" content=\"article\" \/>\n<meta property=\"og:title\" content=\"\u0645\u062d\u0645\u062f \u0627\u0645\u06cc\u0646 \u0634\u0631\u06cc\u0641\u06cc - TCMF \u0641\u0633\u062a\u06cc\u0648\u0627\u0644 \u0645\u0648\u0633\u06cc\u0642\u06cc \u0645\u0639\u0627\u0635\u0631 \u062a\u0647\u0631\u0627\u0646 Tehran contemporary music festival\" \/>\n<meta property=\"og:description\" content=\"[vc_row][vc_column][vc_empty_space alter_height=&#8221;huge&#8221; hide_on_mobile=&#8221;&#8221;][\/vc_column][\/vc_row][vc_row][vc_column width=&#8221;1\/2&#8243;][vc_single_image image=&#8221;2705&#8243; img_size=&#8221;full&#8221;][\/vc_column][vc_column width=&#8221;1\/2&#8243;][vc_empty_space alter_height=&#8221;small&#8221; hide_on_mobile=&#8221;&#8221;][vc_column_text] \u0627\u0645\u06cc\u0646 \u0634\u0631\u06cc\u0641\u06cc \u0645\u062a\u0639\u0644\u0642 \u0628\u0647 \u0646\u0633\u0644 \u0633\u0648\u0645 \u0622\u0647\u0646\u06af\u0633\u0627\u0632\u0627\u0646 \u0645\u0639\u0627\u0635\u0631 \u0627\u06cc\u0631\u0627\u0646\u06cc\u060c \u0641\u0627\u0631\u0642 \u0627\u0644\u062a\u062d\u0635\u06cc\u0644 \u0622\u0647\u0646\u06af\u0633\u0627\u0632\u06cc \u0648 \u0631\u0647\u0628\u0631\u06cc \u0645\u0648\u0633\u06cc\u0642\u06cc \u0646\u0648 \u0627\u0632 \u062f\u0627\u0646\u0634\u06af\u0627\u0647 \u0627\u06cc\u0646\u062f\u06cc\u0627\u0646\u0627 \u062f\u0631 \u0622\u0645\u0631\u06cc\u06a9\u0627\u0633\u062a. \u0622\u062b\u0627\u0631 \u0627\u0648 \u062a\u0648\u0633\u0637 \u0622\u0646\u0633\u0627\u0645\u0628\u0644 \u0647\u0627\u06cc \u0645\u062e\u062a\u0644\u0641\u06cc \u0627\u0632 \u062c\u0645\u0644\u0647 JACK Quartet \u060cHypercube \u060cSEM \u060cLunaNova \u060cPierrot Tehran \u060cDissonArt \u0648 \u0628\u0627 \u0627\u0631\u06a9\u0633\u062a\u0631 \u0647\u0627\u06cc\u06cc \u0645\u0627\u0646\u0646\u062f \u0641\u06cc\u0644\u0647\u0627\u0631\u0645\u0648\u0646\u06cc\u06a9 \u0627\u06cc\u0646\u062f\u06cc\u0627\u0646\u0627 \u0648 \u0641\u06cc\u0644\u0647\u0627\u0631\u0645\u0648\u0646\u06cc\u06a9 \u0622\u0631\u062a\u0648\u0631\u0648 \u062a\u0648\u0633\u06a9\u0627\u0646\u06cc\u0646\u06cc&hellip;\" \/>\n<meta property=\"og:url\" content=\"https:\/\/tehrancmf.com\/fa\/composers\/amin-sharifi\/\" \/>\n<meta property=\"og:site_name\" content=\"TCMF\" \/>\n<meta property=\"article:publisher\" content=\"https:\/\/facebook.com\/tehrancmf\" \/>\n<meta property=\"article:modified_time\" content=\"2023-05-13T18:16:57+00:00\" \/>\n<meta name=\"twitter:card\" content=\"summary_large_image\" \/>\n<meta name=\"twitter:label1\" content=\"\u0632\u0645\u0627\u0646 \u062a\u0642\u0631\u06cc\u0628\u06cc \u0628\u0631\u0627\u06cc \u062e\u0648\u0627\u0646\u062f\u0646\" \/>\n\t<meta name=\"twitter:data1\" content=\"3 \u062f\u0642\u06cc\u0642\u0647\" \/>\n<script type=\"application\/ld+json\" class=\"yoast-schema-graph\">{\"@context\":\"https:\/\/schema.org\",\"@graph\":[{\"@type\":\"WebPage\",\"@id\":\"https:\/\/tehrancmf.com\/fa\/composers\/amin-sharifi\/\",\"url\":\"https:\/\/tehrancmf.com\/fa\/composers\/amin-sharifi\/\",\"name\":\"\u0645\u062d\u0645\u062f \u0627\u0645\u06cc\u0646 \u0634\u0631\u06cc\u0641\u06cc - TCMF \u0641\u0633\u062a\u06cc\u0648\u0627\u0644 \u0645\u0648\u0633\u06cc\u0642\u06cc \u0645\u0639\u0627\u0635\u0631 \u062a\u0647\u0631\u0627\u0646 Tehran contemporary music festival\",\"isPartOf\":{\"@id\":\"https:\/\/tehrancmf.com\/fa\/#website\"},\"datePublished\":\"2023-05-13T17:15:40+00:00\",\"dateModified\":\"2023-05-13T18:16:57+00:00\",\"breadcrumb\":{\"@id\":\"https:\/\/tehrancmf.com\/fa\/composers\/amin-sharifi\/#breadcrumb\"},\"inLanguage\":\"fa-IR\",\"potentialAction\":[{\"@type\":\"ReadAction\",\"target\":[\"https:\/\/tehrancmf.com\/fa\/composers\/amin-sharifi\/\"]}]},{\"@type\":\"BreadcrumbList\",\"@id\":\"https:\/\/tehrancmf.com\/fa\/composers\/amin-sharifi\/#breadcrumb\",\"itemListElement\":[{\"@type\":\"ListItem\",\"position\":1,\"name\":\"Home\",\"item\":\"https:\/\/tehrancmf.com\/fa\/\"},{\"@type\":\"ListItem\",\"position\":2,\"name\":\"\u0622\u0647\u0646\u06af\u0633\u0627\u0632\u0627\u0646\",\"item\":\"https:\/\/tehrancmf.com\/fa\/composers\/\"},{\"@type\":\"ListItem\",\"position\":3,\"name\":\"\u0645\u062d\u0645\u062f \u0627\u0645\u06cc\u0646 \u0634\u0631\u06cc\u0641\u06cc\"}]},{\"@type\":\"WebSite\",\"@id\":\"https:\/\/tehrancmf.com\/fa\/#website\",\"url\":\"https:\/\/tehrancmf.com\/fa\/\",\"name\":\"TCMF Tehran contemporary music festival\",\"description\":\"Tehran Contemporary Music Festival\",\"alternateName\":\"\u0641\u0633\u062a\u06cc\u0648\u0627\u0644 \u0645\u0648\u0633\u06cc\u0642\u06cc \u0645\u0639\u0627\u0635\u0631 \u062a\u0647\u0631\u0627\u0646\",\"potentialAction\":[{\"@type\":\"SearchAction\",\"target\":{\"@type\":\"EntryPoint\",\"urlTemplate\":\"https:\/\/tehrancmf.com\/fa\/?s={search_term_string}\"},\"query-input\":{\"@type\":\"PropertyValueSpecification\",\"valueRequired\":true,\"valueName\":\"search_term_string\"}}],\"inLanguage\":\"fa-IR\"}]}<\/script>\n<!-- \/ Yoast SEO plugin. -->","yoast_head_json":{"title":"\u0645\u062d\u0645\u062f \u0627\u0645\u06cc\u0646 \u0634\u0631\u06cc\u0641\u06cc - TCMF \u0641\u0633\u062a\u06cc\u0648\u0627\u0644 \u0645\u0648\u0633\u06cc\u0642\u06cc \u0645\u0639\u0627\u0635\u0631 \u062a\u0647\u0631\u0627\u0646 Tehran contemporary music festival","robots":{"index":"index","follow":"follow","max-snippet":"max-snippet:-1","max-image-preview":"max-image-preview:large","max-video-preview":"max-video-preview:-1"},"canonical":"https:\/\/tehrancmf.com\/fa\/composers\/amin-sharifi\/","og_locale":"fa_IR","og_type":"article","og_title":"\u0645\u062d\u0645\u062f \u0627\u0645\u06cc\u0646 \u0634\u0631\u06cc\u0641\u06cc - TCMF \u0641\u0633\u062a\u06cc\u0648\u0627\u0644 \u0645\u0648\u0633\u06cc\u0642\u06cc \u0645\u0639\u0627\u0635\u0631 \u062a\u0647\u0631\u0627\u0646 Tehran contemporary music festival","og_description":"[vc_row][vc_column][vc_empty_space alter_height=&#8221;huge&#8221; hide_on_mobile=&#8221;&#8221;][\/vc_column][\/vc_row][vc_row][vc_column width=&#8221;1\/2&#8243;][vc_single_image image=&#8221;2705&#8243; img_size=&#8221;full&#8221;][\/vc_column][vc_column width=&#8221;1\/2&#8243;][vc_empty_space alter_height=&#8221;small&#8221; hide_on_mobile=&#8221;&#8221;][vc_column_text] \u0627\u0645\u06cc\u0646 \u0634\u0631\u06cc\u0641\u06cc \u0645\u062a\u0639\u0644\u0642 \u0628\u0647 \u0646\u0633\u0644 \u0633\u0648\u0645 \u0622\u0647\u0646\u06af\u0633\u0627\u0632\u0627\u0646 \u0645\u0639\u0627\u0635\u0631 \u0627\u06cc\u0631\u0627\u0646\u06cc\u060c \u0641\u0627\u0631\u0642 \u0627\u0644\u062a\u062d\u0635\u06cc\u0644 \u0622\u0647\u0646\u06af\u0633\u0627\u0632\u06cc \u0648 \u0631\u0647\u0628\u0631\u06cc \u0645\u0648\u0633\u06cc\u0642\u06cc \u0646\u0648 \u0627\u0632 \u062f\u0627\u0646\u0634\u06af\u0627\u0647 \u0627\u06cc\u0646\u062f\u06cc\u0627\u0646\u0627 \u062f\u0631 \u0622\u0645\u0631\u06cc\u06a9\u0627\u0633\u062a. \u0622\u062b\u0627\u0631 \u0627\u0648 \u062a\u0648\u0633\u0637 \u0622\u0646\u0633\u0627\u0645\u0628\u0644 \u0647\u0627\u06cc \u0645\u062e\u062a\u0644\u0641\u06cc \u0627\u0632 \u062c\u0645\u0644\u0647 JACK Quartet \u060cHypercube \u060cSEM \u060cLunaNova \u060cPierrot Tehran \u060cDissonArt \u0648 \u0628\u0627 \u0627\u0631\u06a9\u0633\u062a\u0631 \u0647\u0627\u06cc\u06cc \u0645\u0627\u0646\u0646\u062f \u0641\u06cc\u0644\u0647\u0627\u0631\u0645\u0648\u0646\u06cc\u06a9 \u0627\u06cc\u0646\u062f\u06cc\u0627\u0646\u0627 \u0648 \u0641\u06cc\u0644\u0647\u0627\u0631\u0645\u0648\u0646\u06cc\u06a9 \u0622\u0631\u062a\u0648\u0631\u0648 \u062a\u0648\u0633\u06a9\u0627\u0646\u06cc\u0646\u06cc&hellip;","og_url":"https:\/\/tehrancmf.com\/fa\/composers\/amin-sharifi\/","og_site_name":"TCMF","article_publisher":"https:\/\/facebook.com\/tehrancmf","article_modified_time":"2023-05-13T18:16:57+00:00","twitter_card":"summary_large_image","twitter_misc":{"\u0632\u0645\u0627\u0646 \u062a\u0642\u0631\u06cc\u0628\u06cc \u0628\u0631\u0627\u06cc \u062e\u0648\u0627\u0646\u062f\u0646":"3 \u062f\u0642\u06cc\u0642\u0647"},"schema":{"@context":"https:\/\/schema.org","@graph":[{"@type":"WebPage","@id":"https:\/\/tehrancmf.com\/fa\/composers\/amin-sharifi\/","url":"https:\/\/tehrancmf.com\/fa\/composers\/amin-sharifi\/","name":"\u0645\u062d\u0645\u062f \u0627\u0645\u06cc\u0646 \u0634\u0631\u06cc\u0641\u06cc - TCMF \u0641\u0633\u062a\u06cc\u0648\u0627\u0644 \u0645\u0648\u0633\u06cc\u0642\u06cc \u0645\u0639\u0627\u0635\u0631 \u062a\u0647\u0631\u0627\u0646 Tehran contemporary music festival","isPartOf":{"@id":"https:\/\/tehrancmf.com\/fa\/#website"},"datePublished":"2023-05-13T17:15:40+00:00","dateModified":"2023-05-13T18:16:57+00:00","breadcrumb":{"@id":"https:\/\/tehrancmf.com\/fa\/composers\/amin-sharifi\/#breadcrumb"},"inLanguage":"fa-IR","potentialAction":[{"@type":"ReadAction","target":["https:\/\/tehrancmf.com\/fa\/composers\/amin-sharifi\/"]}]},{"@type":"BreadcrumbList","@id":"https:\/\/tehrancmf.com\/fa\/composers\/amin-sharifi\/#breadcrumb","itemListElement":[{"@type":"ListItem","position":1,"name":"Home","item":"https:\/\/tehrancmf.com\/fa\/"},{"@type":"ListItem","position":2,"name":"\u0622\u0647\u0646\u06af\u0633\u0627\u0632\u0627\u0646","item":"https:\/\/tehrancmf.com\/fa\/composers\/"},{"@type":"ListItem","position":3,"name":"\u0645\u062d\u0645\u062f \u0627\u0645\u06cc\u0646 \u0634\u0631\u06cc\u0641\u06cc"}]},{"@type":"WebSite","@id":"https:\/\/tehrancmf.com\/fa\/#website","url":"https:\/\/tehrancmf.com\/fa\/","name":"TCMF Tehran contemporary music festival","description":"Tehran Contemporary Music Festival","alternateName":"\u0641\u0633\u062a\u06cc\u0648\u0627\u0644 \u0645\u0648\u0633\u06cc\u0642\u06cc \u0645\u0639\u0627\u0635\u0631 \u062a\u0647\u0631\u0627\u0646","potentialAction":[{"@type":"SearchAction","target":{"@type":"EntryPoint","urlTemplate":"https:\/\/tehrancmf.com\/fa\/?s={search_term_string}"},"query-input":{"@type":"PropertyValueSpecification","valueRequired":true,"valueName":"search_term_string"}}],"inLanguage":"fa-IR"}]}},"_links":{"self":[{"href":"https:\/\/tehrancmf.com\/fa\/wp-json\/wp\/v2\/pages\/2746","targetHints":{"allow":["GET"]}}],"collection":[{"href":"https:\/\/tehrancmf.com\/fa\/wp-json\/wp\/v2\/pages"}],"about":[{"href":"https:\/\/tehrancmf.com\/fa\/wp-json\/wp\/v2\/types\/page"}],"author":[{"embeddable":true,"href":"https:\/\/tehrancmf.com\/fa\/wp-json\/wp\/v2\/users\/1"}],"replies":[{"embeddable":true,"href":"https:\/\/tehrancmf.com\/fa\/wp-json\/wp\/v2\/comments?post=2746"}],"version-history":[{"count":1,"href":"https:\/\/tehrancmf.com\/fa\/wp-json\/wp\/v2\/pages\/2746\/revisions"}],"predecessor-version":[{"id":2747,"href":"https:\/\/tehrancmf.com\/fa\/wp-json\/wp\/v2\/pages\/2746\/revisions\/2747"}],"up":[{"embeddable":true,"href":"https:\/\/tehrancmf.com\/fa\/wp-json\/wp\/v2\/pages\/1450"}],"wp:attachment":[{"href":"https:\/\/tehrancmf.com\/fa\/wp-json\/wp\/v2\/media?parent=2746"}],"curies":[{"name":"wp","href":"https:\/\/api.w.org\/{rel}","templated":true}]}}